{"id":41,"date":"2025-10-20T21:44:33","date_gmt":"2025-10-20T19:44:33","guid":{"rendered":"https:\/\/noemiugc.sk\/?page_id=41"},"modified":"2025-10-26T09:56:33","modified_gmt":"2025-10-26T08:56:33","slug":"cennik","status":"publish","type":"page","link":"https:\/\/noemiugc.sk\/index.php\/cennik\/","title":{"rendered":"Cenn\u00edk"},"content":{"rendered":"\n<p class=\"has-heading-font-family has-large-font-size\">Noemi Petl\u00e1k | UGC<\/p>\n\n\n\n<p><strong>Z\u00e1kladn\u00e1 cena UGC videa :<\/strong><\/p>\n\n\n\n<p>Organick\u00e9 video <strong>( Full Rights )<\/strong> &#8230;&#8230;&#8230;&#8230;&#8230;&#8230;&#8230;&#8230;&#8230;&#8230;&#8230;&#8230;&#8230;&#8230;&#8230;&#8230; <strong>200\u20ac<\/strong><\/p>\n\n\n\n<p><strong>licencia na platen\u00e9 pou\u017eitie ( Paid ADS ) :<\/strong><\/p>\n\n\n\n<p>Pr\u00edplatok k z\u00e1kladnej cene &#8211; 200\u20ac<\/p>\n\n\n\n<div class=\"wp-block-group has-global-padding is-layout-constrained wp-container-core-group-is-layout-19e250f3 wp-block-group-is-layout-constrained\" style=\"min-height:0px\">\n<ul class=\"wp-block-list\">\n<li>1 mesiac &#8230;&#8230;&#8230;&#8230;&#8230;&#8230;&#8230;&#8230;&#8230;&#8230;&#8230;&#8230;&#8230;&#8230;&#8230;&#8230;&#8230;&#8230;&#8230; <strong>70\u20ac<\/strong><\/li>\n<\/ul>\n\n\n\n<ul class=\"wp-block-list\">\n<li>3 mesiace &#8230;&#8230;&#8230;&#8230;&#8230;&#8230;&#8230;&#8230;&#8230;&#8230;&#8230;&#8230;&#8230;&#8230;&#8230;&#8230;&#8230;&#8230; <strong>120\u20ac<\/strong><\/li>\n<\/ul>\n\n\n\n<ul class=\"wp-block-list\">\n<li>6 mesiacov &#8230;&#8230;&#8230;&#8230;&#8230;&#8230;&#8230;&#8230;&#8230;&#8230;&#8230;&#8230;&#8230;&#8230;&#8230;&#8230;&#8230;. <strong>200\u20ac<\/strong><\/li>\n<\/ul>\n\n\n\n<ul class=\"wp-block-list\">\n<li>12 mesiacov &#8230;&#8230;&#8230;&#8230;&#8230;&#8230;&#8230;&#8230;&#8230;&#8230;&#8230;&#8230;&#8230;&#8230;&#8230;&#8230;.. <strong>300\u20ac<\/strong><\/li>\n<\/ul>\n\n\n\n<ul class=\"wp-block-list\">\n<li>Pln\u00e9 pr\u00e1va &#8230;&#8230;&#8230;&#8230;&#8230;&#8230;&#8230;&#8230;&#8230;&#8230;&#8230;&#8230;&#8230;&#8230;&#8230;&#8230;&#8230;.. <strong>650\u20ac<\/strong><\/li>\n<\/ul>\n<\/div>\n\n\n\n<p>Pre individu\u00e1lne dohodnutie ceny ma nev\u00e1hajte kontaktova\u0165<\/p>\n\n\n\n<p>noemivyhlidalova@gmail.com<\/p>\n\n\n\n<p><a href=\"https:\/\/instagram.com\/noemi.petlak\" data-type=\"page\" data-id=\"109\" target=\"_blank\" rel=\"noreferrer noopener\">@noemi.petlak<\/a><\/p>\n\n\n\n<figure class=\"wp-block-image is-style-rounded is-style-rounded--1\"><img alt=\"\" loading=\"lazy\" decoding=\"async\" width=\"2316\" height=\"1737\" src=\"https:\/\/noemiugc.sk\/wp-content\/uploads\/2025\/10\/IMG_4637-edited.jpg\" alt=\"\" class=\"wp-image-227\" srcset=\"https:\/\/noemiugc.sk\/wp-content\/uploads\/2025\/10\/IMG_4637-edited.jpg 2316w, https:\/\/noemiugc.sk\/wp-content\/uploads\/2025\/10\/IMG_4637-edited-300x225.jpg 300w, https:\/\/noemiugc.sk\/wp-content\/uploads\/2025\/10\/IMG_4637-edited-1024x768.jpg 1024w, https:\/\/noemiugc.sk\/wp-content\/uploads\/2025\/10\/IMG_4637-edited-768x576.jpg 768w, https:\/\/noemiugc.sk\/wp-content\/uploads\/2025\/10\/IMG_4637-edited-1536x1152.jpg 1536w, https:\/\/noemiugc.sk\/wp-content\/uploads\/2025\/10\/IMG_4637-edited-2048x1536.jpg 2048w\" sizes=\"auto, (max-width: 2316px) 100vw, 2316px\" \/><\/figure>\n","protected":false},"excerpt":{"rendered":"<p>Noemi Petl\u00e1k | UGC Z\u00e1kladn\u00e1 cena UGC videa : Organick\u00e9 video ( Full Rights ) &#8230;&#8230;&#8230;&#8230;&#8230;&#8230;&#8230;&#8230;&#8230;&#8230;&#8230;&#8230;&#8230;&#8230;&#8230;&#8230; 200\u20ac licencia na platen\u00e9 pou\u017eitie ( Paid ADS ) : Pr\u00edplatok k z\u00e1kladnej cene &#8211; 200\u20ac Pre individu\u00e1lne dohodnutie ceny ma nev\u00e1hajte kontaktova\u0165 noemivyhlidalova@gmail.com @noemi.petlak<\/p>\n","protected":false},"author":1,"featured_media":0,"parent":0,"menu_order":0,"comment_status":"closed","ping_status":"closed","template":"","meta":{"_acf_changed":false,"_seopress_robots_primary_cat":"","_seopress_titles_title":"","_seopress_titles_desc":"","_seopress_robots_index":"","footnotes":""},"class_list":["post-41","page","type-page","status-publish","hentry"],"acf":[],"_links":{"self":[{"href":"https:\/\/noemiugc.sk\/index.php\/wp-json\/wp\/v2\/pages\/41","targetHints":{"allow":["GET"]}}],"collection":[{"href":"https:\/\/noemiugc.sk\/index.php\/wp-json\/wp\/v2\/pages"}],"about":[{"href":"https:\/\/noemiugc.sk\/index.php\/wp-json\/wp\/v2\/types\/page"}],"author":[{"embeddable":true,"href":"https:\/\/noemiugc.sk\/index.php\/wp-json\/wp\/v2\/users\/1"}],"replies":[{"embeddable":true,"href":"https:\/\/noemiugc.sk\/index.php\/wp-json\/wp\/v2\/comments?post=41"}],"version-history":[{"count":18,"href":"https:\/\/noemiugc.sk\/index.php\/wp-json\/wp\/v2\/pages\/41\/revisions"}],"predecessor-version":[{"id":228,"href":"https:\/\/noemiugc.sk\/index.php\/wp-json\/wp\/v2\/pages\/41\/revisions\/228"}],"wp:attachment":[{"href":"https:\/\/noemiugc.sk\/index.php\/wp-json\/wp\/v2\/media?parent=41"}],"curies":[{"name":"wp","href":"https:\/\/api.w.org\/{rel}","templated":true}]}}